{"id":1674,"date":"2024-07-31T14:09:33","date_gmt":"2024-07-31T17:09:33","guid":{"rendered":"https:\/\/tonhobordao.com\/?page_id=1674"},"modified":"2024-07-31T14:09:33","modified_gmt":"2024-07-31T17:09:33","slug":"asia","status":"publish","type":"page","link":"https:\/\/tonhobordao.com\/index.php\/asia\/","title":{"rendered":"\u00c1sia"},"content":{"rendered":"<div class=\"fusion-fullwidth fullwidth-box fusion-builder-row-1 fusion-flex-container has-pattern-background has-mask-background nonhundred-percent-fullwidth non-hundred-percent-height-scrolling\" style=\"--awb-border-radius-top-left:0px;--awb-border-radius-top-right:0px;--awb-border-radius-bottom-right:0px;--awb-border-radius-bottom-left:0px;--awb-flex-wrap:wrap;\" ><div class=\"fusion-builder-row fusion-row fusion-flex-align-items-flex-start fusion-flex-content-wrap\" style=\"max-width:1216.8px;margin-left: calc(-4% \/ 2 );margin-right: calc(-4% \/ 2 );\"><div class=\"fusion-layout-column fusion_builder_column fusion-builder-column-0 fusion_builder_column_1_1 1_1 fusion-flex-column\" style=\"--awb-bg-size:cover;--awb-width-large:100%;--awb-margin-top-large:0px;--awb-spacing-right-large:1.92%;--awb-margin-bottom-large:20px;--awb-spacing-left-large:1.92%;--awb-width-medium:100%;--awb-order-medium:0;--awb-spacing-right-medium:1.92%;--awb-spacing-left-medium:1.92%;--awb-width-small:100%;--awb-order-small:0;--awb-spacing-right-small:1.92%;--awb-spacing-left-small:1.92%;\"><div class=\"fusion-column-wrapper fusion-column-has-shadow fusion-flex-justify-content-flex-start fusion-content-layout-column\"><div class=\"fusion-text fusion-text-1\"><h3>\u00daltimas postagens sobre \u00c1sia<\/h3>\n<\/div><div class=\"fusion-post-cards fusion-post-cards-1 fusion-grid-archive fusion-grid-columns-4\" style=\"--awb-dots-align:center;--awb-active-filter-border-size:3px;--awb-filters-height:36px;\"><ul class=\"fusion-grid fusion-grid-4 fusion-flex-align-items-flex-start fusion-grid-posts-cards fusion-grid-container-infinite\" data-pages=\"0\"><li class=\"fusion-layout-column fusion_builder_column fusion-builder-column-1 fusion-flex-column post-card fusion-grid-column fusion-post-cards-grid-column fusion-animated\" style=\"--awb-bg-size:cover;--awb-flex-grow:0;--awb-flex-shrink:0;--awb-flex-grow-medium:0;--awb-flex-shrink-medium:0;--awb-flex-grow-small:0;--awb-flex-shrink-small:0;\" data-animationType=\"zoomInLeft\" data-animationDuration=\"0.3\" data-animationOffset=\"top-into-view\"><div class=\"fusion-column-wrapper fusion-flex-justify-content-flex-start fusion-content-layout-column\"><div class=\"fusion-image-element \" style=\"--awb-aspect-ratio:3 \/ 2;--awb-caption-title-color:var(--awb-color1);--awb-caption-text-color:var(--awb-color1);--awb-caption-text-size:var(--awb-typography5-font-size);--awb-caption-text-transform:var(--awb-typography5-text-transform);--awb-caption-text-line-height:var(--awb-typography5-line-height);--awb-caption-text-letter-spacing:var(--awb-typography5-letter-spacing);--awb-caption-overlay-color:var(--awb-color8);--awb-caption-title-font-family:var(--awb-typography2-font-family);--awb-caption-title-font-weight:var(--awb-typography2-font-weight);--awb-caption-title-font-style:var(--awb-typography2-font-style);--awb-caption-title-size:var(--awb-typography2-font-size);--awb-caption-title-transform:var(--awb-typography2-text-transform);--awb-caption-title-line-height:var(--awb-typography2-line-height);--awb-caption-title-letter-spacing:var(--awb-typography2-letter-spacing);--awb-caption-text-font-family:var(--awb-typography5-font-family);--awb-caption-text-font-weight:var(--awb-typography5-font-weight);--awb-caption-text-font-style:var(--awb-typography5-font-style);\"><span class=\" fusion-imageframe imageframe-none imageframe-1 awb-imageframe-style awb-imageframe-style-navin has-aspect-ratio\"><a class=\"fusion-no-lightbox\" href=\"https:\/\/tonhobordao.com\/index.php\/2026\/01\/27\/cidade-de-bangkok-introducao-tailandia\/\" target=\"_self\" aria-label=\"IMG_3269\"><img decoding=\"async\" width=\"2560\" height=\"1920\" src=\"https:\/\/tonhobordao.com\/wp-content\/uploads\/2026\/01\/IMG_3269-scaled.jpg\" data-orig-src=\"https:\/\/tonhobordao.com\/wp-content\/uploads\/2026\/01\/IMG_3269-scaled.jpg\" class=\"lazyload img-responsive wp-image-3562 img-with-aspect-ratio\" data-parent-fit=\"cover\" data-parent-container=\".fusion-image-element\" alt srcset=\"data:image\/svg+xml,%3Csvg%20xmlns%3D%27http%3A%2F%2Fwww.w3.org%2F2000%2Fsvg%27%20width%3D%272560%27%20height%3D%271920%27%20viewBox%3D%270%200%202560%201920%27%3E%3Crect%20width%3D%272560%27%20height%3D%271920%27%20fill-opacity%3D%220%22%2F%3E%3C%2Fsvg%3E\" data-srcset=\"https:\/\/tonhobordao.com\/wp-content\/uploads\/2026\/01\/IMG_3269-200x150.jpg 200w, https:\/\/tonhobordao.com\/wp-content\/uploads\/2026\/01\/IMG_3269-400x300.jpg 400w, https:\/\/tonhobordao.com\/wp-content\/uploads\/2026\/01\/IMG_3269-600x450.jpg 600w, https:\/\/tonhobordao.com\/wp-content\/uploads\/2026\/01\/IMG_3269-800x600.jpg 800w, https:\/\/tonhobordao.com\/wp-content\/uploads\/2026\/01\/IMG_3269-1200x900.jpg 1200w, https:\/\/tonhobordao.com\/wp-content\/uploads\/2026\/01\/IMG_3269-scaled.jpg 2560w\" data-sizes=\"auto\" data-orig-sizes=\"(max-width: 1024px) 100vw, (max-width: 640px) 100vw, 1200px\" \/><div class=\"awb-imageframe-caption-container\"><div class=\"awb-imageframe-caption\"><h3 class=\"awb-imageframe-caption-title\">Cidade de Bangkok (introdu\u00e7\u00e3o) &#8211; TAIL\u00c2NDIA<\/h3><p class=\"awb-imageframe-caption-text\">janeiro 27, 2026<\/p><\/div><\/div><\/a><\/span><\/div><\/div><\/li>\n<li class=\"fusion-layout-column fusion_builder_column fusion-builder-column-2 fusion-flex-column post-card fusion-grid-column fusion-post-cards-grid-column fusion-animated\" style=\"--awb-bg-size:cover;--awb-flex-grow:0;--awb-flex-shrink:0;--awb-flex-grow-medium:0;--awb-flex-shrink-medium:0;--awb-flex-grow-small:0;--awb-flex-shrink-small:0;\" data-animationType=\"zoomInLeft\" data-animationDuration=\"0.3\" data-animationOffset=\"top-into-view\"><div class=\"fusion-column-wrapper fusion-flex-justify-content-flex-start fusion-content-layout-column\"><div class=\"fusion-image-element \" style=\"--awb-aspect-ratio:3 \/ 2;--awb-caption-title-color:var(--awb-color1);--awb-caption-text-color:var(--awb-color1);--awb-caption-text-size:var(--awb-typography5-font-size);--awb-caption-text-transform:var(--awb-typography5-text-transform);--awb-caption-text-line-height:var(--awb-typography5-line-height);--awb-caption-text-letter-spacing:var(--awb-typography5-letter-spacing);--awb-caption-overlay-color:var(--awb-color8);--awb-caption-title-font-family:var(--awb-typography2-font-family);--awb-caption-title-font-weight:var(--awb-typography2-font-weight);--awb-caption-title-font-style:var(--awb-typography2-font-style);--awb-caption-title-size:var(--awb-typography2-font-size);--awb-caption-title-transform:var(--awb-typography2-text-transform);--awb-caption-title-line-height:var(--awb-typography2-line-height);--awb-caption-title-letter-spacing:var(--awb-typography2-letter-spacing);--awb-caption-text-font-family:var(--awb-typography5-font-family);--awb-caption-text-font-weight:var(--awb-typography5-font-weight);--awb-caption-text-font-style:var(--awb-typography5-font-style);\"><span class=\" fusion-imageframe imageframe-none imageframe-2 awb-imageframe-style awb-imageframe-style-navin has-aspect-ratio\"><a class=\"fusion-no-lightbox\" href=\"https:\/\/tonhobordao.com\/index.php\/2026\/01\/24\/bangkok-tailandia\/\" target=\"_self\" aria-label=\"IMG_3301\"><img decoding=\"async\" width=\"2560\" height=\"1920\" src=\"https:\/\/tonhobordao.com\/wp-content\/uploads\/2026\/01\/IMG_3301-scaled.jpg\" data-orig-src=\"https:\/\/tonhobordao.com\/wp-content\/uploads\/2026\/01\/IMG_3301-scaled.jpg\" class=\"lazyload img-responsive wp-image-3520 img-with-aspect-ratio\" data-parent-fit=\"cover\" data-parent-container=\".fusion-image-element\" alt srcset=\"data:image\/svg+xml,%3Csvg%20xmlns%3D%27http%3A%2F%2Fwww.w3.org%2F2000%2Fsvg%27%20width%3D%272560%27%20height%3D%271920%27%20viewBox%3D%270%200%202560%201920%27%3E%3Crect%20width%3D%272560%27%20height%3D%271920%27%20fill-opacity%3D%220%22%2F%3E%3C%2Fsvg%3E\" data-srcset=\"https:\/\/tonhobordao.com\/wp-content\/uploads\/2026\/01\/IMG_3301-200x150.jpg 200w, https:\/\/tonhobordao.com\/wp-content\/uploads\/2026\/01\/IMG_3301-400x300.jpg 400w, https:\/\/tonhobordao.com\/wp-content\/uploads\/2026\/01\/IMG_3301-600x450.jpg 600w, https:\/\/tonhobordao.com\/wp-content\/uploads\/2026\/01\/IMG_3301-800x600.jpg 800w, https:\/\/tonhobordao.com\/wp-content\/uploads\/2026\/01\/IMG_3301-1200x900.jpg 1200w, https:\/\/tonhobordao.com\/wp-content\/uploads\/2026\/01\/IMG_3301-scaled.jpg 2560w\" data-sizes=\"auto\" data-orig-sizes=\"(max-width: 1024px) 100vw, (max-width: 640px) 100vw, 1200px\" \/><div class=\"awb-imageframe-caption-container\"><div class=\"awb-imageframe-caption\"><h3 class=\"awb-imageframe-caption-title\">BANGKOK (um convite) &#8211; TAIL\u00c2NDIA<\/h3><p class=\"awb-imageframe-caption-text\">janeiro 24, 2026<\/p><\/div><\/div><\/a><\/span><\/div><\/div><\/li>\n<li class=\"fusion-layout-column fusion_builder_column fusion-builder-column-3 fusion-flex-column post-card fusion-grid-column fusion-post-cards-grid-column fusion-animated\" style=\"--awb-bg-size:cover;--awb-flex-grow:0;--awb-flex-shrink:0;--awb-flex-grow-medium:0;--awb-flex-shrink-medium:0;--awb-flex-grow-small:0;--awb-flex-shrink-small:0;\" data-animationType=\"zoomInLeft\" data-animationDuration=\"0.3\" data-animationOffset=\"top-into-view\"><div class=\"fusion-column-wrapper fusion-flex-justify-content-flex-start fusion-content-layout-column\"><div class=\"fusion-image-element \" style=\"--awb-aspect-ratio:3 \/ 2;--awb-caption-title-color:var(--awb-color1);--awb-caption-text-color:var(--awb-color1);--awb-caption-text-size:var(--awb-typography5-font-size);--awb-caption-text-transform:var(--awb-typography5-text-transform);--awb-caption-text-line-height:var(--awb-typography5-line-height);--awb-caption-text-letter-spacing:var(--awb-typography5-letter-spacing);--awb-caption-overlay-color:var(--awb-color8);--awb-caption-title-font-family:var(--awb-typography2-font-family);--awb-caption-title-font-weight:var(--awb-typography2-font-weight);--awb-caption-title-font-style:var(--awb-typography2-font-style);--awb-caption-title-size:var(--awb-typography2-font-size);--awb-caption-title-transform:var(--awb-typography2-text-transform);--awb-caption-title-line-height:var(--awb-typography2-line-height);--awb-caption-title-letter-spacing:var(--awb-typography2-letter-spacing);--awb-caption-text-font-family:var(--awb-typography5-font-family);--awb-caption-text-font-weight:var(--awb-typography5-font-weight);--awb-caption-text-font-style:var(--awb-typography5-font-style);\"><span class=\" fusion-imageframe imageframe-none imageframe-3 awb-imageframe-style awb-imageframe-style-navin has-aspect-ratio\"><a class=\"fusion-no-lightbox\" href=\"https:\/\/tonhobordao.com\/index.php\/2024\/09\/15\/comilanca-e-bebedeira-em-bali-indonesia\/\" target=\"_self\"><img decoding=\"async\" width=\"2560\" height=\"1696\" src=\"https:\/\/tonhobordao.com\/wp-content\/uploads\/2024\/09\/IMG_3812-scaled.jpeg\" data-orig-src=\"https:\/\/tonhobordao.com\/wp-content\/uploads\/2024\/09\/IMG_3812-scaled.jpeg\" class=\"lazyload img-responsive wp-image-2403 img-with-aspect-ratio\" data-parent-fit=\"cover\" data-parent-container=\".fusion-image-element\" alt srcset=\"data:image\/svg+xml,%3Csvg%20xmlns%3D%27http%3A%2F%2Fwww.w3.org%2F2000%2Fsvg%27%20width%3D%272560%27%20height%3D%271696%27%20viewBox%3D%270%200%202560%201696%27%3E%3Crect%20width%3D%272560%27%20height%3D%271696%27%20fill-opacity%3D%220%22%2F%3E%3C%2Fsvg%3E\" data-srcset=\"https:\/\/tonhobordao.com\/wp-content\/uploads\/2024\/09\/IMG_3812-200x133.jpeg 200w, https:\/\/tonhobordao.com\/wp-content\/uploads\/2024\/09\/IMG_3812-400x265.jpeg 400w, https:\/\/tonhobordao.com\/wp-content\/uploads\/2024\/09\/IMG_3812-600x398.jpeg 600w, https:\/\/tonhobordao.com\/wp-content\/uploads\/2024\/09\/IMG_3812-800x530.jpeg 800w, https:\/\/tonhobordao.com\/wp-content\/uploads\/2024\/09\/IMG_3812-1200x795.jpeg 1200w, https:\/\/tonhobordao.com\/wp-content\/uploads\/2024\/09\/IMG_3812-scaled.jpeg 2560w\" data-sizes=\"auto\" data-orig-sizes=\"(max-width: 1024px) 100vw, (max-width: 640px) 100vw, 1200px\" \/><div class=\"awb-imageframe-caption-container\"><div class=\"awb-imageframe-caption\"><h3 class=\"awb-imageframe-caption-title\">Comilan\u00e7a e bebedeira em Bali &#8211; INDON\u00c9SIA<\/h3><p class=\"awb-imageframe-caption-text\">setembro 15, 2024<\/p><\/div><\/div><\/a><\/span><\/div><\/div><\/li>\n<li class=\"fusion-layout-column fusion_builder_column fusion-builder-column-4 fusion-flex-column post-card fusion-grid-column fusion-post-cards-grid-column fusion-animated\" style=\"--awb-bg-size:cover;--awb-flex-grow:0;--awb-flex-shrink:0;--awb-flex-grow-medium:0;--awb-flex-shrink-medium:0;--awb-flex-grow-small:0;--awb-flex-shrink-small:0;\" data-animationType=\"zoomInLeft\" data-animationDuration=\"0.3\" data-animationOffset=\"top-into-view\"><div class=\"fusion-column-wrapper fusion-flex-justify-content-flex-start fusion-content-layout-column\"><div class=\"fusion-image-element \" style=\"--awb-aspect-ratio:3 \/ 2;--awb-caption-title-color:var(--awb-color1);--awb-caption-text-color:var(--awb-color1);--awb-caption-text-size:var(--awb-typography5-font-size);--awb-caption-text-transform:var(--awb-typography5-text-transform);--awb-caption-text-line-height:var(--awb-typography5-line-height);--awb-caption-text-letter-spacing:var(--awb-typography5-letter-spacing);--awb-caption-overlay-color:var(--awb-color8);--awb-caption-title-font-family:var(--awb-typography2-font-family);--awb-caption-title-font-weight:var(--awb-typography2-font-weight);--awb-caption-title-font-style:var(--awb-typography2-font-style);--awb-caption-title-size:var(--awb-typography2-font-size);--awb-caption-title-transform:var(--awb-typography2-text-transform);--awb-caption-title-line-height:var(--awb-typography2-line-height);--awb-caption-title-letter-spacing:var(--awb-typography2-letter-spacing);--awb-caption-text-font-family:var(--awb-typography5-font-family);--awb-caption-text-font-weight:var(--awb-typography5-font-weight);--awb-caption-text-font-style:var(--awb-typography5-font-style);\"><span class=\" fusion-imageframe imageframe-none imageframe-4 awb-imageframe-style awb-imageframe-style-navin has-aspect-ratio\"><a class=\"fusion-no-lightbox\" href=\"https:\/\/tonhobordao.com\/index.php\/2024\/09\/15\/seminyak-bali-indonesia\/\" target=\"_self\" aria-label=\"IMG_4181\"><img decoding=\"async\" width=\"2560\" height=\"1921\" src=\"https:\/\/tonhobordao.com\/wp-content\/uploads\/2024\/09\/IMG_4181-scaled.jpg\" data-orig-src=\"https:\/\/tonhobordao.com\/wp-content\/uploads\/2024\/09\/IMG_4181-scaled.jpg\" class=\"lazyload img-responsive wp-image-2398 img-with-aspect-ratio\" data-parent-fit=\"cover\" data-parent-container=\".fusion-image-element\" alt srcset=\"data:image\/svg+xml,%3Csvg%20xmlns%3D%27http%3A%2F%2Fwww.w3.org%2F2000%2Fsvg%27%20width%3D%272560%27%20height%3D%271921%27%20viewBox%3D%270%200%202560%201921%27%3E%3Crect%20width%3D%272560%27%20height%3D%271921%27%20fill-opacity%3D%220%22%2F%3E%3C%2Fsvg%3E\" data-srcset=\"https:\/\/tonhobordao.com\/wp-content\/uploads\/2024\/09\/IMG_4181-200x150.jpg 200w, https:\/\/tonhobordao.com\/wp-content\/uploads\/2024\/09\/IMG_4181-400x300.jpg 400w, https:\/\/tonhobordao.com\/wp-content\/uploads\/2024\/09\/IMG_4181-600x450.jpg 600w, https:\/\/tonhobordao.com\/wp-content\/uploads\/2024\/09\/IMG_4181-800x600.jpg 800w, https:\/\/tonhobordao.com\/wp-content\/uploads\/2024\/09\/IMG_4181-1200x900.jpg 1200w, https:\/\/tonhobordao.com\/wp-content\/uploads\/2024\/09\/IMG_4181-scaled.jpg 2560w\" data-sizes=\"auto\" data-orig-sizes=\"(max-width: 1024px) 100vw, (max-width: 640px) 100vw, 1200px\" \/><div class=\"awb-imageframe-caption-container\"><div class=\"awb-imageframe-caption\"><h3 class=\"awb-imageframe-caption-title\">Bali (Seminyak) &#8211; INDON\u00c9SIA<\/h3><p class=\"awb-imageframe-caption-text\">setembro 15, 2024<\/p><\/div><\/div><\/a><\/span><\/div><\/div><\/li>\n<li class=\"fusion-layout-column fusion_builder_column fusion-builder-column-5 fusion-flex-column post-card fusion-grid-column fusion-post-cards-grid-column fusion-animated\" style=\"--awb-bg-size:cover;--awb-flex-grow:0;--awb-flex-shrink:0;--awb-flex-grow-medium:0;--awb-flex-shrink-medium:0;--awb-flex-grow-small:0;--awb-flex-shrink-small:0;\" data-animationType=\"zoomInLeft\" data-animationDuration=\"0.3\" data-animationOffset=\"top-into-view\"><div class=\"fusion-column-wrapper fusion-flex-justify-content-flex-start fusion-content-layout-column\"><div class=\"fusion-image-element \" style=\"--awb-aspect-ratio:3 \/ 2;--awb-caption-title-color:var(--awb-color1);--awb-caption-text-color:var(--awb-color1);--awb-caption-text-size:var(--awb-typography5-font-size);--awb-caption-text-transform:var(--awb-typography5-text-transform);--awb-caption-text-line-height:var(--awb-typography5-line-height);--awb-caption-text-letter-spacing:var(--awb-typography5-letter-spacing);--awb-caption-overlay-color:var(--awb-color8);--awb-caption-title-font-family:var(--awb-typography2-font-family);--awb-caption-title-font-weight:var(--awb-typography2-font-weight);--awb-caption-title-font-style:var(--awb-typography2-font-style);--awb-caption-title-size:var(--awb-typography2-font-size);--awb-caption-title-transform:var(--awb-typography2-text-transform);--awb-caption-title-line-height:var(--awb-typography2-line-height);--awb-caption-title-letter-spacing:var(--awb-typography2-letter-spacing);--awb-caption-text-font-family:var(--awb-typography5-font-family);--awb-caption-text-font-weight:var(--awb-typography5-font-weight);--awb-caption-text-font-style:var(--awb-typography5-font-style);\"><span class=\" fusion-imageframe imageframe-none imageframe-5 awb-imageframe-style awb-imageframe-style-navin has-aspect-ratio\"><a class=\"fusion-no-lightbox\" href=\"https:\/\/tonhobordao.com\/index.php\/2024\/09\/12\/ubud-bali-indonesia\/\" target=\"_self\"><img decoding=\"async\" width=\"2560\" height=\"1920\" src=\"https:\/\/tonhobordao.com\/wp-content\/uploads\/2024\/09\/IMG_3878-scaled.jpg\" data-orig-src=\"https:\/\/tonhobordao.com\/wp-content\/uploads\/2024\/09\/IMG_3878-scaled.jpg\" class=\"lazyload img-responsive wp-image-2271 img-with-aspect-ratio\" data-parent-fit=\"cover\" data-parent-container=\".fusion-image-element\" alt srcset=\"data:image\/svg+xml,%3Csvg%20xmlns%3D%27http%3A%2F%2Fwww.w3.org%2F2000%2Fsvg%27%20width%3D%272560%27%20height%3D%271920%27%20viewBox%3D%270%200%202560%201920%27%3E%3Crect%20width%3D%272560%27%20height%3D%271920%27%20fill-opacity%3D%220%22%2F%3E%3C%2Fsvg%3E\" data-srcset=\"https:\/\/tonhobordao.com\/wp-content\/uploads\/2024\/09\/IMG_3878-200x150.jpg 200w, https:\/\/tonhobordao.com\/wp-content\/uploads\/2024\/09\/IMG_3878-400x300.jpg 400w, https:\/\/tonhobordao.com\/wp-content\/uploads\/2024\/09\/IMG_3878-600x450.jpg 600w, https:\/\/tonhobordao.com\/wp-content\/uploads\/2024\/09\/IMG_3878-800x600.jpg 800w, https:\/\/tonhobordao.com\/wp-content\/uploads\/2024\/09\/IMG_3878-1200x900.jpg 1200w, https:\/\/tonhobordao.com\/wp-content\/uploads\/2024\/09\/IMG_3878-scaled.jpg 2560w\" data-sizes=\"auto\" data-orig-sizes=\"(max-width: 1024px) 100vw, (max-width: 640px) 100vw, 1200px\" \/><div class=\"awb-imageframe-caption-container\"><div class=\"awb-imageframe-caption\"><h3 class=\"awb-imageframe-caption-title\">Ubud (Bali) &#8211; INDON\u00c9SIA<\/h3><p class=\"awb-imageframe-caption-text\">setembro 12, 2024<\/p><\/div><\/div><\/a><\/span><\/div><\/div><\/li>\n<li class=\"fusion-layout-column fusion_builder_column fusion-builder-column-6 fusion-flex-column post-card fusion-grid-column fusion-post-cards-grid-column fusion-animated\" style=\"--awb-bg-size:cover;--awb-flex-grow:0;--awb-flex-shrink:0;--awb-flex-grow-medium:0;--awb-flex-shrink-medium:0;--awb-flex-grow-small:0;--awb-flex-shrink-small:0;\" data-animationType=\"zoomInLeft\" data-animationDuration=\"0.3\" data-animationOffset=\"top-into-view\"><div class=\"fusion-column-wrapper fusion-flex-justify-content-flex-start fusion-content-layout-column\"><div class=\"fusion-image-element \" style=\"--awb-aspect-ratio:3 \/ 2;--awb-caption-title-color:var(--awb-color1);--awb-caption-text-color:var(--awb-color1);--awb-caption-text-size:var(--awb-typography5-font-size);--awb-caption-text-transform:var(--awb-typography5-text-transform);--awb-caption-text-line-height:var(--awb-typography5-line-height);--awb-caption-text-letter-spacing:var(--awb-typography5-letter-spacing);--awb-caption-overlay-color:var(--awb-color8);--awb-caption-title-font-family:var(--awb-typography2-font-family);--awb-caption-title-font-weight:var(--awb-typography2-font-weight);--awb-caption-title-font-style:var(--awb-typography2-font-style);--awb-caption-title-size:var(--awb-typography2-font-size);--awb-caption-title-transform:var(--awb-typography2-text-transform);--awb-caption-title-line-height:var(--awb-typography2-line-height);--awb-caption-title-letter-spacing:var(--awb-typography2-letter-spacing);--awb-caption-text-font-family:var(--awb-typography5-font-family);--awb-caption-text-font-weight:var(--awb-typography5-font-weight);--awb-caption-text-font-style:var(--awb-typography5-font-style);\"><span class=\" fusion-imageframe imageframe-none imageframe-6 awb-imageframe-style awb-imageframe-style-navin has-aspect-ratio\"><a class=\"fusion-no-lightbox\" href=\"https:\/\/tonhobordao.com\/index.php\/2024\/09\/11\/bali-introducao-indonesia\/\" target=\"_self\"><img decoding=\"async\" width=\"2560\" height=\"1920\" src=\"https:\/\/tonhobordao.com\/wp-content\/uploads\/2024\/09\/IMG_4129-scaled.jpeg\" data-orig-src=\"https:\/\/tonhobordao.com\/wp-content\/uploads\/2024\/09\/IMG_4129-scaled.jpeg\" class=\"lazyload img-responsive wp-image-2229 img-with-aspect-ratio\" data-parent-fit=\"cover\" data-parent-container=\".fusion-image-element\" alt srcset=\"data:image\/svg+xml,%3Csvg%20xmlns%3D%27http%3A%2F%2Fwww.w3.org%2F2000%2Fsvg%27%20width%3D%272560%27%20height%3D%271920%27%20viewBox%3D%270%200%202560%201920%27%3E%3Crect%20width%3D%272560%27%20height%3D%271920%27%20fill-opacity%3D%220%22%2F%3E%3C%2Fsvg%3E\" data-srcset=\"https:\/\/tonhobordao.com\/wp-content\/uploads\/2024\/09\/IMG_4129-200x150.jpeg 200w, https:\/\/tonhobordao.com\/wp-content\/uploads\/2024\/09\/IMG_4129-400x300.jpeg 400w, https:\/\/tonhobordao.com\/wp-content\/uploads\/2024\/09\/IMG_4129-600x450.jpeg 600w, https:\/\/tonhobordao.com\/wp-content\/uploads\/2024\/09\/IMG_4129-800x600.jpeg 800w, https:\/\/tonhobordao.com\/wp-content\/uploads\/2024\/09\/IMG_4129-1200x900.jpeg 1200w, https:\/\/tonhobordao.com\/wp-content\/uploads\/2024\/09\/IMG_4129-scaled.jpeg 2560w\" data-sizes=\"auto\" data-orig-sizes=\"(max-width: 1024px) 100vw, (max-width: 640px) 100vw, 1200px\" \/><div class=\"awb-imageframe-caption-container\"><div class=\"awb-imageframe-caption\"><h3 class=\"awb-imageframe-caption-title\">Bali (introdu\u00e7\u00e3o) &#8211; INDON\u00c9SIA<\/h3><p class=\"awb-imageframe-caption-text\">setembro 11, 2024<\/p><\/div><\/div><\/a><\/span><\/div><\/div><\/li>\n<\/ul><div class=\"fusion-infinite-scroll-trigger\"><\/div><div class=\"pagination infinite-scroll clearfix\" style=\"display:none;\"><\/div><div class=\"fusion-clearfix\"><\/div><\/div><\/div><\/div><\/div><\/div>\n","protected":false},"excerpt":{"rendered":"","protected":false},"author":1,"featured_media":1355,"parent":0,"menu_order":0,"comment_status":"closed","ping_status":"closed","template":"","meta":{"footnotes":""},"class_list":["post-1674","page","type-page","status-publish","has-post-thumbnail","hentry"],"_links":{"self":[{"href":"https:\/\/tonhobordao.com\/index.php\/wp-json\/wp\/v2\/pages\/1674","targetHints":{"allow":["GET"]}}],"collection":[{"href":"https:\/\/tonhobordao.com\/index.php\/wp-json\/wp\/v2\/pages"}],"about":[{"href":"https:\/\/tonhobordao.com\/index.php\/wp-json\/wp\/v2\/types\/page"}],"author":[{"embeddable":true,"href":"https:\/\/tonhobordao.com\/index.php\/wp-json\/wp\/v2\/users\/1"}],"replies":[{"embeddable":true,"href":"https:\/\/tonhobordao.com\/index.php\/wp-json\/wp\/v2\/comments?post=1674"}],"version-history":[{"count":1,"href":"https:\/\/tonhobordao.com\/index.php\/wp-json\/wp\/v2\/pages\/1674\/revisions"}],"predecessor-version":[{"id":1675,"href":"https:\/\/tonhobordao.com\/index.php\/wp-json\/wp\/v2\/pages\/1674\/revisions\/1675"}],"wp:featuredmedia":[{"embeddable":true,"href":"https:\/\/tonhobordao.com\/index.php\/wp-json\/wp\/v2\/media\/1355"}],"wp:attachment":[{"href":"https:\/\/tonhobordao.com\/index.php\/wp-json\/wp\/v2\/media?parent=1674"}],"curies":[{"name":"wp","href":"https:\/\/api.w.org\/{rel}","templated":true}]}}